{"id":64,"date":"2024-01-04T21:17:50","date_gmt":"2024-01-04T20:17:50","guid":{"rendered":"https:\/\/lenfci.com\/?page_id=64"},"modified":"2024-07-16T15:40:49","modified_gmt":"2024-07-16T13:40:49","slug":"location-et-vente-de-vehicule","status":"publish","type":"page","link":"https:\/\/lenfci.com\/?page_id=64","title":{"rendered":"LOCATION ET VENTE DE VEHICULE"},"content":{"rendered":"\n<figure class=\"wp-block-image size-large\"><img fetchpriority=\"high\" decoding=\"async\" width=\"1024\" height=\"576\" src=\"https:\/\/lenfci.com\/wp-content\/uploads\/2024\/07\/1-2-1024x576.jpg\" alt=\"\" class=\"wp-image-722\" srcset=\"https:\/\/lenfci.com\/wp-content\/uploads\/2024\/07\/1-2-1024x576.jpg 1024w, https:\/\/lenfci.com\/wp-content\/uploads\/2024\/07\/1-2-300x169.jpg 300w, https:\/\/lenfci.com\/wp-content\/uploads\/2024\/07\/1-2-768x432.jpg 768w, https:\/\/lenfci.com\/wp-content\/uploads\/2024\/07\/1-2-1536x864.jpg 1536w, https:\/\/lenfci.com\/wp-content\/uploads\/2024\/07\/1-2.jpg 1920w\" sizes=\"(max-width: 1024px) 100vw, 1024px\" \/><\/figure>\n\n\n\n<figure class=\"wp-block-image size-large\"><img decoding=\"async\" width=\"1024\" height=\"576\" src=\"https:\/\/lenfci.com\/wp-content\/uploads\/2024\/07\/1-1-1024x576.jpg\" alt=\"\" class=\"wp-image-721\" srcset=\"https:\/\/lenfci.com\/wp-content\/uploads\/2024\/07\/1-1-1024x576.jpg 1024w, https:\/\/lenfci.com\/wp-content\/uploads\/2024\/07\/1-1-300x169.jpg 300w, https:\/\/lenfci.com\/wp-content\/uploads\/2024\/07\/1-1-768x432.jpg 768w, https:\/\/lenfci.com\/wp-content\/uploads\/2024\/07\/1-1-1536x864.jpg 1536w, https:\/\/lenfci.com\/wp-content\/uploads\/2024\/07\/1-1.jpg 1920w\" sizes=\"(max-width: 1024px) 100vw, 1024px\" \/><\/figure>\n\n\n\n<figure class=\"wp-block-image size-full is-resized\"><img decoding=\"async\" width=\"992\" height=\"744\" src=\"https:\/\/lenfci.com\/wp-content\/uploads\/2024\/07\/WhatsApp-Image-2024-07-02-a-14.48.18_4c4a40e3.jpg\" alt=\"\" class=\"wp-image-723\" style=\"width:886px;height:auto\" srcset=\"https:\/\/lenfci.com\/wp-content\/uploads\/2024\/07\/WhatsApp-Image-2024-07-02-a-14.48.18_4c4a40e3.jpg 992w, https:\/\/lenfci.com\/wp-content\/uploads\/2024\/07\/WhatsApp-Image-2024-07-02-a-14.48.18_4c4a40e3-300x225.jpg 300w, https:\/\/lenfci.com\/wp-content\/uploads\/2024\/07\/WhatsApp-Image-2024-07-02-a-14.48.18_4c4a40e3-768x576.jpg 768w\" sizes=\"(max-width: 992px) 100vw, 992px\" \/><\/figure>\n\n\n\n<figure class=\"wp-block-image size-large\"><img loading=\"lazy\" decoding=\"async\" width=\"1024\" height=\"576\" src=\"https:\/\/lenfci.com\/wp-content\/uploads\/2024\/07\/1-3-1024x576.jpg\" alt=\"\" class=\"wp-image-724\" srcset=\"https:\/\/lenfci.com\/wp-content\/uploads\/2024\/07\/1-3-1024x576.jpg 1024w, https:\/\/lenfci.com\/wp-content\/uploads\/2024\/07\/1-3-300x169.jpg 300w, https:\/\/lenfci.com\/wp-content\/uploads\/2024\/07\/1-3-768x432.jpg 768w, https:\/\/lenfci.com\/wp-content\/uploads\/2024\/07\/1-3-1536x864.jpg 1536w, https:\/\/lenfci.com\/wp-content\/uploads\/2024\/07\/1-3.jpg 1920w\" sizes=\"(max-width: 1024px) 100vw, 1024px\" \/><\/figure>\n\n\n\n<p>Vendre sa voiture, Acheter un v\u00e9hicule d&rsquo;occasion ou Louer un v\u00e9hicule en toute&nbsp;Simplicit\u00e9 en C\u00f4te d&rsquo;Ivoire.<\/p>\n\n\n\n<p>&#8211;<strong>&nbsp;multitude de v\u00e9hicules neufs&nbsp;et aussi&nbsp;d&rsquo;occasions<\/strong><\/p>\n\n\n\n<p>&#8211;<strong>b\u00e9n\u00e9ficiez \u00e9galement d&rsquo;un accompagnement de nos meilleurs conseillers pour une utilisation optimale de votre bubget!!!<\/strong><\/p>\n\n\n\n<p>Nous aidons des personnes \u00e0 la recherche de vehicules pour mariage-bapt\u00eame-entreprise-institution-particulier-excursion<\/p>\n","protected":false},"excerpt":{"rendered":"<p>Vendre sa voiture, Acheter un v\u00e9hicule d&rsquo;occasion ou Louer un v\u00e9hicule en toute&nbsp;Simplicit\u00e9 en C\u00f4te d&rsquo;Ivoire. &#8211;&nbsp;multitude de v\u00e9hicules neufs&nbsp;et aussi&nbsp;d&rsquo;occasions &#8211;b\u00e9n\u00e9ficiez \u00e9galement d&rsquo;un accompagnement de nos meilleurs conseillers pour une utilisation optimale de votre bubget!!! Nous aidons des personnes \u00e0 la recherche de vehicules pour mariage-bapt\u00eame-entreprise-institution-particulier-excursion<\/p>\n","protected":false},"author":1,"featured_media":0,"parent":0,"menu_order":0,"comment_status":"closed","ping_status":"closed","template":"","meta":{"_kad_post_transparent":"","_kad_post_title":"","_kad_post_layout":"","_kad_post_sidebar_id":"","_kad_post_content_style":"","_kad_post_vertical_padding":"","_kad_post_feature":"","_kad_post_feature_position":"","_kad_post_header":false,"_kad_post_footer":false,"footnotes":""},"class_list":["post-64","page","type-page","status-publish","hentry"],"_links":{"self":[{"href":"https:\/\/lenfci.com\/index.php?rest_route=\/wp\/v2\/pages\/64","targetHints":{"allow":["GET"]}}],"collection":[{"href":"https:\/\/lenfci.com\/index.php?rest_route=\/wp\/v2\/pages"}],"about":[{"href":"https:\/\/lenfci.com\/index.php?rest_route=\/wp\/v2\/types\/page"}],"author":[{"embeddable":true,"href":"https:\/\/lenfci.com\/index.php?rest_route=\/wp\/v2\/users\/1"}],"replies":[{"embeddable":true,"href":"https:\/\/lenfci.com\/index.php?rest_route=%2Fwp%2Fv2%2Fcomments&post=64"}],"version-history":[{"count":6,"href":"https:\/\/lenfci.com\/index.php?rest_route=\/wp\/v2\/pages\/64\/revisions"}],"predecessor-version":[{"id":725,"href":"https:\/\/lenfci.com\/index.php?rest_route=\/wp\/v2\/pages\/64\/revisions\/725"}],"wp:attachment":[{"href":"https:\/\/lenfci.com\/index.php?rest_route=%2Fwp%2Fv2%2Fmedia&parent=64"}],"curies":[{"name":"wp","href":"https:\/\/api.w.org\/{rel}","templated":true}]}}