{"id":67,"date":"2024-01-04T21:18:29","date_gmt":"2024-01-04T20:18:29","guid":{"rendered":"https:\/\/lenfci.com\/?page_id=67"},"modified":"2024-07-11T21:05:32","modified_gmt":"2024-07-11T19:05:32","slug":"import-export","status":"publish","type":"page","link":"https:\/\/lenfci.com\/?page_id=67","title":{"rendered":"IMPORT-EXPORT"},"content":{"rendered":"\n<figure class=\"wp-block-image size-full is-resized\"><img fetchpriority=\"high\" decoding=\"async\" width=\"1000\" height=\"563\" src=\"https:\/\/lenfci.com\/wp-content\/uploads\/2024\/01\/IMPORT-EXP.jpg\" alt=\"\" class=\"wp-image-91\" style=\"width:709px;height:auto\"\/><\/figure>\n\n\n\n<p>L\u2019import-export de marchandises est la base du commerce international mais il est r\u00e9gi par de nombreuses contraintes qu\u2019il faut conna\u00eetre.<\/p>\n\n\n\n<p>Afin de construire votre offre commerciale ou d\u2019effectuer de nouvelles op\u00e9rations, il est n\u00e9cessaire de visualiser correctement l\u2019ensemble de la cha\u00eene logistique \u00e0 l\u2019international et d\u2019ainsi offrir une offre adapt\u00e9e.<\/p>\n\n\n\n<p><strong>L\u2019import et l\u2019export sont les leviers de croissance de votre entreprise, contactez nos sp\u00e9cialistes si vous avez besoin de conseil ou d\u2019accompagnement !<\/strong><\/p>\n\n\n\n<p><\/p>\n\n\n\n<p>importations de v\u00e9hicules et de pi\u00e8ces d\u00e9tach\u00e9es ,des v\u00e9hicules de marques europ\u00e9ennes ,am\u00e9ricaines ,japonaises, cor\u00e9ennes.<\/p>\n","protected":false},"excerpt":{"rendered":"<p>L\u2019import-export de marchandises est la base du commerce international mais il est r\u00e9gi par de nombreuses contraintes qu\u2019il faut conna\u00eetre. Afin de construire votre offre commerciale ou d\u2019effectuer de nouvelles op\u00e9rations, il est n\u00e9cessaire de visualiser correctement l\u2019ensemble de la cha\u00eene logistique \u00e0 l\u2019international et d\u2019ainsi offrir une offre adapt\u00e9e. L\u2019import et l\u2019export sont les&#8230;<\/p>\n","protected":false},"author":1,"featured_media":0,"parent":0,"menu_order":0,"comment_status":"closed","ping_status":"closed","template":"","meta":{"_kad_post_transparent":"","_kad_post_title":"","_kad_post_layout":"","_kad_post_sidebar_id":"","_kad_post_content_style":"","_kad_post_vertical_padding":"","_kad_post_feature":"","_kad_post_feature_position":"","_kad_post_header":false,"_kad_post_footer":false,"footnotes":""},"class_list":["post-67","page","type-page","status-publish","hentry"],"_links":{"self":[{"href":"https:\/\/lenfci.com\/index.php?rest_route=\/wp\/v2\/pages\/67","targetHints":{"allow":["GET"]}}],"collection":[{"href":"https:\/\/lenfci.com\/index.php?rest_route=\/wp\/v2\/pages"}],"about":[{"href":"https:\/\/lenfci.com\/index.php?rest_route=\/wp\/v2\/types\/page"}],"author":[{"embeddable":true,"href":"https:\/\/lenfci.com\/index.php?rest_route=\/wp\/v2\/users\/1"}],"replies":[{"embeddable":true,"href":"https:\/\/lenfci.com\/index.php?rest_route=%2Fwp%2Fv2%2Fcomments&post=67"}],"version-history":[{"count":4,"href":"https:\/\/lenfci.com\/index.php?rest_route=\/wp\/v2\/pages\/67\/revisions"}],"predecessor-version":[{"id":718,"href":"https:\/\/lenfci.com\/index.php?rest_route=\/wp\/v2\/pages\/67\/revisions\/718"}],"wp:attachment":[{"href":"https:\/\/lenfci.com\/index.php?rest_route=%2Fwp%2Fv2%2Fmedia&parent=67"}],"curies":[{"name":"wp","href":"https:\/\/api.w.org\/{rel}","templated":true}]}}