{"id":70,"date":"2024-01-04T21:19:21","date_gmt":"2024-01-04T20:19:21","guid":{"rendered":"https:\/\/lenfci.com\/?page_id=70"},"modified":"2025-03-16T14:50:03","modified_gmt":"2025-03-16T13:50:03","slug":"etude-conseils-divers","status":"publish","type":"page","link":"https:\/\/lenfci.com\/?page_id=70","title":{"rendered":"LOCATION ET VENTE D&rsquo;ENGIN ET EQUIPEMENTS"},"content":{"rendered":"\n<p>-l\u2019accompagnement des individus, des entreprises et des organisations<\/p>\n\n\n\n<p>-accro\u00eetre leurs performances <\/p>\n\n\n\n<p>-am\u00e9lioration de leurs comp\u00e9tences ou syst\u00e8mes de planification, de gestion ou de production et de prospective.<\/p>\n\n\n\n<p>                                                                                           DAMPER<\/p>\n\n\n\n<figure class=\"wp-block-image size-large\"><img fetchpriority=\"high\" decoding=\"async\" width=\"1024\" height=\"767\" src=\"https:\/\/lenfci.com\/wp-content\/uploads\/2025\/03\/IMG-20250313-WA0011-Copie-1-1024x767.jpg\" alt=\"\" class=\"wp-image-828\" srcset=\"https:\/\/lenfci.com\/wp-content\/uploads\/2025\/03\/IMG-20250313-WA0011-Copie-1-1024x767.jpg 1024w, https:\/\/lenfci.com\/wp-content\/uploads\/2025\/03\/IMG-20250313-WA0011-Copie-1-300x225.jpg 300w, https:\/\/lenfci.com\/wp-content\/uploads\/2025\/03\/IMG-20250313-WA0011-Copie-1-768x575.jpg 768w, https:\/\/lenfci.com\/wp-content\/uploads\/2025\/03\/IMG-20250313-WA0011-Copie-1.jpg 1080w\" sizes=\"(max-width: 1024px) 100vw, 1024px\" \/><\/figure>\n\n\n\n<figure class=\"wp-block-gallery has-nested-images columns-default is-cropped wp-block-gallery-1 is-layout-flex wp-block-gallery-is-layout-flex\">\n<figure class=\"wp-block-image size-large\"><img decoding=\"async\" width=\"765\" height=\"1020\" data-id=\"842\" src=\"https:\/\/lenfci.com\/wp-content\/uploads\/2025\/03\/WhatsApp-Image-2025-03-16-a-13.25.46_a441dddb.jpg\" alt=\"\" class=\"wp-image-842\" srcset=\"https:\/\/lenfci.com\/wp-content\/uploads\/2025\/03\/WhatsApp-Image-2025-03-16-a-13.25.46_a441dddb.jpg 765w, https:\/\/lenfci.com\/wp-content\/uploads\/2025\/03\/WhatsApp-Image-2025-03-16-a-13.25.46_a441dddb-225x300.jpg 225w\" sizes=\"(max-width: 765px) 100vw, 765px\" \/><\/figure>\n\n\n\n<figure class=\"wp-block-image size-large\"><img decoding=\"async\" width=\"1020\" height=\"765\" data-id=\"840\" src=\"https:\/\/lenfci.com\/wp-content\/uploads\/2025\/03\/WhatsApp-Image-2025-03-16-a-13.25.46_dff67626.jpg\" alt=\"\" class=\"wp-image-840\" srcset=\"https:\/\/lenfci.com\/wp-content\/uploads\/2025\/03\/WhatsApp-Image-2025-03-16-a-13.25.46_dff67626.jpg 1020w, https:\/\/lenfci.com\/wp-content\/uploads\/2025\/03\/WhatsApp-Image-2025-03-16-a-13.25.46_dff67626-300x225.jpg 300w, https:\/\/lenfci.com\/wp-content\/uploads\/2025\/03\/WhatsApp-Image-2025-03-16-a-13.25.46_dff67626-768x576.jpg 768w\" sizes=\"(max-width: 1020px) 100vw, 1020px\" \/><\/figure>\n\n\n\n<figure class=\"wp-block-image size-large\"><img loading=\"lazy\" decoding=\"async\" width=\"1024\" height=\"768\" data-id=\"847\" src=\"https:\/\/lenfci.com\/wp-content\/uploads\/2025\/03\/WhatsApp-Image-2025-03-16-a-13.25.47_3a39e9b7-1024x768.jpg\" alt=\"\" class=\"wp-image-847\" srcset=\"https:\/\/lenfci.com\/wp-content\/uploads\/2025\/03\/WhatsApp-Image-2025-03-16-a-13.25.47_3a39e9b7-1024x768.jpg 1024w, https:\/\/lenfci.com\/wp-content\/uploads\/2025\/03\/WhatsApp-Image-2025-03-16-a-13.25.47_3a39e9b7-300x225.jpg 300w, https:\/\/lenfci.com\/wp-content\/uploads\/2025\/03\/WhatsApp-Image-2025-03-16-a-13.25.47_3a39e9b7-768x576.jpg 768w, https:\/\/lenfci.com\/wp-content\/uploads\/2025\/03\/WhatsApp-Image-2025-03-16-a-13.25.47_3a39e9b7.jpg 1280w\" sizes=\"(max-width: 1024px) 100vw, 1024px\" \/><\/figure>\n\n\n\n<figure class=\"wp-block-image size-large\"><img loading=\"lazy\" decoding=\"async\" width=\"1020\" height=\"765\" data-id=\"844\" src=\"https:\/\/lenfci.com\/wp-content\/uploads\/2025\/03\/WhatsApp-Image-2025-03-16-a-13.25.47_aef5325a.jpg\" alt=\"\" class=\"wp-image-844\" srcset=\"https:\/\/lenfci.com\/wp-content\/uploads\/2025\/03\/WhatsApp-Image-2025-03-16-a-13.25.47_aef5325a.jpg 1020w, https:\/\/lenfci.com\/wp-content\/uploads\/2025\/03\/WhatsApp-Image-2025-03-16-a-13.25.47_aef5325a-300x225.jpg 300w, https:\/\/lenfci.com\/wp-content\/uploads\/2025\/03\/WhatsApp-Image-2025-03-16-a-13.25.47_aef5325a-768x576.jpg 768w\" sizes=\"(max-width: 1020px) 100vw, 1020px\" \/><\/figure>\n\n\n\n<figure class=\"wp-block-image size-large\"><img loading=\"lazy\" decoding=\"async\" width=\"1024\" height=\"768\" data-id=\"848\" src=\"https:\/\/lenfci.com\/wp-content\/uploads\/2025\/03\/WhatsApp-Image-2025-03-16-a-13.25.47_fa9598ae-1024x768.jpg\" alt=\"\" class=\"wp-image-848\" srcset=\"https:\/\/lenfci.com\/wp-content\/uploads\/2025\/03\/WhatsApp-Image-2025-03-16-a-13.25.47_fa9598ae-1024x768.jpg 1024w, https:\/\/lenfci.com\/wp-content\/uploads\/2025\/03\/WhatsApp-Image-2025-03-16-a-13.25.47_fa9598ae-300x225.jpg 300w, https:\/\/lenfci.com\/wp-content\/uploads\/2025\/03\/WhatsApp-Image-2025-03-16-a-13.25.47_fa9598ae-768x576.jpg 768w, https:\/\/lenfci.com\/wp-content\/uploads\/2025\/03\/WhatsApp-Image-2025-03-16-a-13.25.47_fa9598ae.jpg 1280w\" sizes=\"(max-width: 1024px) 100vw, 1024px\" \/><\/figure>\n\n\n\n<figure class=\"wp-block-image size-large\"><img loading=\"lazy\" decoding=\"async\" width=\"1020\" height=\"765\" data-id=\"841\" src=\"https:\/\/lenfci.com\/wp-content\/uploads\/2025\/03\/WhatsApp-Image-2025-03-16-a-13.25.46_dff67626-Copie.jpg\" alt=\"\" class=\"wp-image-841\" srcset=\"https:\/\/lenfci.com\/wp-content\/uploads\/2025\/03\/WhatsApp-Image-2025-03-16-a-13.25.46_dff67626-Copie.jpg 1020w, https:\/\/lenfci.com\/wp-content\/uploads\/2025\/03\/WhatsApp-Image-2025-03-16-a-13.25.46_dff67626-Copie-300x225.jpg 300w, https:\/\/lenfci.com\/wp-content\/uploads\/2025\/03\/WhatsApp-Image-2025-03-16-a-13.25.46_dff67626-Copie-768x576.jpg 768w\" sizes=\"(max-width: 1020px) 100vw, 1020px\" \/><\/figure>\n\n\n\n<figure class=\"wp-block-image size-large\"><img loading=\"lazy\" decoding=\"async\" width=\"1024\" height=\"768\" data-id=\"846\" src=\"https:\/\/lenfci.com\/wp-content\/uploads\/2025\/03\/WhatsApp-Image-2025-03-16-a-13.25.45_15c348de-Copie-1024x768.jpg\" alt=\"\" class=\"wp-image-846\" srcset=\"https:\/\/lenfci.com\/wp-content\/uploads\/2025\/03\/WhatsApp-Image-2025-03-16-a-13.25.45_15c348de-Copie-1024x768.jpg 1024w, https:\/\/lenfci.com\/wp-content\/uploads\/2025\/03\/WhatsApp-Image-2025-03-16-a-13.25.45_15c348de-Copie-300x225.jpg 300w, https:\/\/lenfci.com\/wp-content\/uploads\/2025\/03\/WhatsApp-Image-2025-03-16-a-13.25.45_15c348de-Copie-768x576.jpg 768w, https:\/\/lenfci.com\/wp-content\/uploads\/2025\/03\/WhatsApp-Image-2025-03-16-a-13.25.45_15c348de-Copie.jpg 1040w\" sizes=\"(max-width: 1024px) 100vw, 1024px\" \/><\/figure>\n\n\n\n<figure class=\"wp-block-image size-large\"><img loading=\"lazy\" decoding=\"async\" width=\"1020\" height=\"765\" data-id=\"839\" src=\"https:\/\/lenfci.com\/wp-content\/uploads\/2025\/03\/WhatsApp-Image-2025-03-16-a-13.25.45_31a32356-Copie.jpg\" alt=\"\" class=\"wp-image-839\" srcset=\"https:\/\/lenfci.com\/wp-content\/uploads\/2025\/03\/WhatsApp-Image-2025-03-16-a-13.25.45_31a32356-Copie.jpg 1020w, https:\/\/lenfci.com\/wp-content\/uploads\/2025\/03\/WhatsApp-Image-2025-03-16-a-13.25.45_31a32356-Copie-300x225.jpg 300w, https:\/\/lenfci.com\/wp-content\/uploads\/2025\/03\/WhatsApp-Image-2025-03-16-a-13.25.45_31a32356-Copie-768x576.jpg 768w\" sizes=\"(max-width: 1020px) 100vw, 1020px\" \/><\/figure>\n\n\n\n<figure class=\"wp-block-image size-large\"><img loading=\"lazy\" decoding=\"async\" width=\"1020\" height=\"765\" data-id=\"838\" src=\"https:\/\/lenfci.com\/wp-content\/uploads\/2025\/03\/WhatsApp-Image-2025-03-16-a-13.25.45_271771b9-Copie.jpg\" alt=\"\" class=\"wp-image-838\" srcset=\"https:\/\/lenfci.com\/wp-content\/uploads\/2025\/03\/WhatsApp-Image-2025-03-16-a-13.25.45_271771b9-Copie.jpg 1020w, https:\/\/lenfci.com\/wp-content\/uploads\/2025\/03\/WhatsApp-Image-2025-03-16-a-13.25.45_271771b9-Copie-300x225.jpg 300w, https:\/\/lenfci.com\/wp-content\/uploads\/2025\/03\/WhatsApp-Image-2025-03-16-a-13.25.45_271771b9-Copie-768x576.jpg 768w\" sizes=\"(max-width: 1020px) 100vw, 1020px\" \/><\/figure>\n\n\n\n<figure class=\"wp-block-image size-large\"><img loading=\"lazy\" decoding=\"async\" width=\"765\" height=\"1020\" data-id=\"843\" src=\"https:\/\/lenfci.com\/wp-content\/uploads\/2025\/03\/WhatsApp-Image-2025-03-16-a-13.25.46_3427631c-Copie.jpg\" alt=\"\" class=\"wp-image-843\" srcset=\"https:\/\/lenfci.com\/wp-content\/uploads\/2025\/03\/WhatsApp-Image-2025-03-16-a-13.25.46_3427631c-Copie.jpg 765w, https:\/\/lenfci.com\/wp-content\/uploads\/2025\/03\/WhatsApp-Image-2025-03-16-a-13.25.46_3427631c-Copie-225x300.jpg 225w\" sizes=\"(max-width: 765px) 100vw, 765px\" \/><\/figure>\n\n\n\n<figure class=\"wp-block-image size-large\"><img loading=\"lazy\" decoding=\"async\" width=\"765\" height=\"1020\" data-id=\"845\" src=\"https:\/\/lenfci.com\/wp-content\/uploads\/2025\/03\/WhatsApp-Image-2025-03-16-a-13.25.46_a441dddb-Copie.jpg\" alt=\"\" class=\"wp-image-845\" srcset=\"https:\/\/lenfci.com\/wp-content\/uploads\/2025\/03\/WhatsApp-Image-2025-03-16-a-13.25.46_a441dddb-Copie.jpg 765w, https:\/\/lenfci.com\/wp-content\/uploads\/2025\/03\/WhatsApp-Image-2025-03-16-a-13.25.46_a441dddb-Copie-225x300.jpg 225w\" sizes=\"(max-width: 765px) 100vw, 765px\" \/><\/figure>\n<\/figure>\n\n\n\n<p>                                                                                                     PORTE CHAR<\/p>\n\n\n\n<figure class=\"wp-block-image size-full\"><img loading=\"lazy\" decoding=\"async\" width=\"1000\" height=\"700\" src=\"https:\/\/lenfci.com\/wp-content\/uploads\/2025\/03\/WhatsApp-Image-2025-03-16-a-11.44.01_7cbe60c7-1.jpg\" alt=\"\" class=\"wp-image-830\" srcset=\"https:\/\/lenfci.com\/wp-content\/uploads\/2025\/03\/WhatsApp-Image-2025-03-16-a-11.44.01_7cbe60c7-1.jpg 1000w, https:\/\/lenfci.com\/wp-content\/uploads\/2025\/03\/WhatsApp-Image-2025-03-16-a-11.44.01_7cbe60c7-1-300x210.jpg 300w, https:\/\/lenfci.com\/wp-content\/uploads\/2025\/03\/WhatsApp-Image-2025-03-16-a-11.44.01_7cbe60c7-1-768x538.jpg 768w\" sizes=\"(max-width: 1000px) 100vw, 1000px\" \/><\/figure>\n\n\n\n<p>                                                                    CHARGEUSE<\/p>\n\n\n\n<figure class=\"wp-block-image size-large\"><img loading=\"lazy\" decoding=\"async\" width=\"1024\" height=\"768\" src=\"https:\/\/lenfci.com\/wp-content\/uploads\/2025\/03\/IMG-20250313-WA0023-1-1024x768.jpg\" alt=\"\" class=\"wp-image-831\" srcset=\"https:\/\/lenfci.com\/wp-content\/uploads\/2025\/03\/IMG-20250313-WA0023-1-1024x768.jpg 1024w, https:\/\/lenfci.com\/wp-content\/uploads\/2025\/03\/IMG-20250313-WA0023-1-300x225.jpg 300w, https:\/\/lenfci.com\/wp-content\/uploads\/2025\/03\/IMG-20250313-WA0023-1-768x576.jpg 768w, https:\/\/lenfci.com\/wp-content\/uploads\/2025\/03\/IMG-20250313-WA0023-1.jpg 1080w\" sizes=\"(max-width: 1024px) 100vw, 1024px\" \/><\/figure>\n\n\n\n<p>PELLETEUSES<\/p>\n\n\n\n<figure class=\"wp-block-gallery has-nested-images columns-default is-cropped wp-block-gallery-2 is-layout-flex wp-block-gallery-is-layout-flex\">\n<figure class=\"wp-block-image size-large\"><img loading=\"lazy\" decoding=\"async\" width=\"767\" height=\"1024\" data-id=\"834\" src=\"https:\/\/lenfci.com\/wp-content\/uploads\/2025\/03\/WhatsApp-Image-2025-03-16-a-13.15.00_e7e88f5f-767x1024.jpg\" alt=\"\" class=\"wp-image-834\" srcset=\"https:\/\/lenfci.com\/wp-content\/uploads\/2025\/03\/WhatsApp-Image-2025-03-16-a-13.15.00_e7e88f5f-767x1024.jpg 767w, https:\/\/lenfci.com\/wp-content\/uploads\/2025\/03\/WhatsApp-Image-2025-03-16-a-13.15.00_e7e88f5f-225x300.jpg 225w, https:\/\/lenfci.com\/wp-content\/uploads\/2025\/03\/WhatsApp-Image-2025-03-16-a-13.15.00_e7e88f5f-768x1025.jpg 768w, https:\/\/lenfci.com\/wp-content\/uploads\/2025\/03\/WhatsApp-Image-2025-03-16-a-13.15.00_e7e88f5f.jpg 809w\" sizes=\"(max-width: 767px) 100vw, 767px\" \/><\/figure>\n\n\n\n<figure class=\"wp-block-image size-large\"><img loading=\"lazy\" decoding=\"async\" width=\"767\" height=\"1024\" data-id=\"833\" src=\"https:\/\/lenfci.com\/wp-content\/uploads\/2025\/03\/WhatsApp-Image-2025-03-16-a-13.14.59_c3711c8e-767x1024.jpg\" alt=\"\" class=\"wp-image-833\" srcset=\"https:\/\/lenfci.com\/wp-content\/uploads\/2025\/03\/WhatsApp-Image-2025-03-16-a-13.14.59_c3711c8e-767x1024.jpg 767w, https:\/\/lenfci.com\/wp-content\/uploads\/2025\/03\/WhatsApp-Image-2025-03-16-a-13.14.59_c3711c8e-225x300.jpg 225w, https:\/\/lenfci.com\/wp-content\/uploads\/2025\/03\/WhatsApp-Image-2025-03-16-a-13.14.59_c3711c8e-768x1025.jpg 768w, https:\/\/lenfci.com\/wp-content\/uploads\/2025\/03\/WhatsApp-Image-2025-03-16-a-13.14.59_c3711c8e.jpg 809w\" sizes=\"(max-width: 767px) 100vw, 767px\" \/><\/figure>\n\n\n\n<figure class=\"wp-block-image size-large\"><img loading=\"lazy\" decoding=\"async\" width=\"768\" height=\"1024\" data-id=\"837\" src=\"https:\/\/lenfci.com\/wp-content\/uploads\/2025\/03\/WhatsApp-Image-2025-03-16-a-13.14.59_169feae4-768x1024.jpg\" alt=\"\" class=\"wp-image-837\" srcset=\"https:\/\/lenfci.com\/wp-content\/uploads\/2025\/03\/WhatsApp-Image-2025-03-16-a-13.14.59_169feae4-768x1024.jpg 768w, https:\/\/lenfci.com\/wp-content\/uploads\/2025\/03\/WhatsApp-Image-2025-03-16-a-13.14.59_169feae4-225x300.jpg 225w, https:\/\/lenfci.com\/wp-content\/uploads\/2025\/03\/WhatsApp-Image-2025-03-16-a-13.14.59_169feae4.jpg 810w\" sizes=\"(max-width: 768px) 100vw, 768px\" \/><\/figure>\n<\/figure>\n\n\n\n<p><\/p>\n\n\n\n<p>LES CAMIONS DE TRANSPORT<\/p>\n\n\n\n<figure class=\"wp-block-gallery has-nested-images columns-default is-cropped wp-block-gallery-3 is-layout-flex wp-block-gallery-is-layout-flex\">\n<figure class=\"wp-block-image size-large\"><img loading=\"lazy\" decoding=\"async\" width=\"768\" height=\"1024\" data-id=\"783\" src=\"https:\/\/lenfci.com\/wp-content\/uploads\/2025\/03\/WhatsApp-Image-2025-03-09-a-17.13.21_f69d91bb.jpg\" alt=\"\" class=\"wp-image-783\" srcset=\"https:\/\/lenfci.com\/wp-content\/uploads\/2025\/03\/WhatsApp-Image-2025-03-09-a-17.13.21_f69d91bb.jpg 768w, https:\/\/lenfci.com\/wp-content\/uploads\/2025\/03\/WhatsApp-Image-2025-03-09-a-17.13.21_f69d91bb-225x300.jpg 225w\" sizes=\"(max-width: 768px) 100vw, 768px\" \/><\/figure>\n\n\n\n<figure class=\"wp-block-image size-large\"><img loading=\"lazy\" decoding=\"async\" width=\"768\" height=\"1024\" data-id=\"782\" src=\"https:\/\/lenfci.com\/wp-content\/uploads\/2025\/03\/WhatsApp-Image-2025-03-09-a-17.13.21_9af4578f.jpg\" alt=\"\" class=\"wp-image-782\" srcset=\"https:\/\/lenfci.com\/wp-content\/uploads\/2025\/03\/WhatsApp-Image-2025-03-09-a-17.13.21_9af4578f.jpg 768w, https:\/\/lenfci.com\/wp-content\/uploads\/2025\/03\/WhatsApp-Image-2025-03-09-a-17.13.21_9af4578f-225x300.jpg 225w\" sizes=\"(max-width: 768px) 100vw, 768px\" \/><\/figure>\n<\/figure>\n\n\n\n<p><\/p>\n\n\n\n<p>BULLDOZER<\/p>\n\n\n\n<p><\/p>\n\n\n\n<figure class=\"wp-block-image size-full\"><img loading=\"lazy\" decoding=\"async\" width=\"251\" height=\"194\" src=\"https:\/\/lenfci.com\/wp-content\/uploads\/2025\/03\/WhatsApp-Image-2025-03-16-a-13.47.21_fb6a9b11.jpg\" alt=\"\" class=\"wp-image-853\"\/><\/figure>\n\n\n\n<p><\/p>\n\n\n\n<p><\/p>\n\n\n\n<p><\/p>\n\n\n\n<p>ET VENDONS<\/p>\n\n\n\n<p>FOREUSES<\/p>\n\n\n\n<p>DAMPER<\/p>\n\n\n\n<p>COMPRESSEUR<\/p>\n\n\n\n<p>GROUPE ELECTROGENE<\/p>\n\n\n\n<p>MOTEUR ET ENGIN DE TOUT TYPE<\/p>\n","protected":false},"excerpt":{"rendered":"<p>-l\u2019accompagnement des individus, des entreprises et des organisations -accro\u00eetre leurs performances -am\u00e9lioration de leurs comp\u00e9tences ou syst\u00e8mes de planification, de gestion ou de production et de prospective. DAMPER PORTE CHAR CHARGEUSE PELLETEUSES LES CAMIONS DE TRANSPORT BULLDOZER ET VENDONS FOREUSES DAMPER COMPRESSEUR GROUPE ELECTROGENE MOTEUR ET ENGIN DE TOUT TYPE<\/p>\n","protected":false},"author":1,"featured_media":0,"parent":0,"menu_order":0,"comment_status":"closed","ping_status":"closed","template":"","meta":{"_kad_post_transparent":"","_kad_post_title":"","_kad_post_layout":"","_kad_post_sidebar_id":"","_kad_post_content_style":"","_kad_post_vertical_padding":"","_kad_post_feature":"","_kad_post_feature_position":"","_kad_post_header":false,"_kad_post_footer":false,"footnotes":""},"class_list":["post-70","page","type-page","status-publish","hentry"],"_links":{"self":[{"href":"https:\/\/lenfci.com\/index.php?rest_route=\/wp\/v2\/pages\/70","targetHints":{"allow":["GET"]}}],"collection":[{"href":"https:\/\/lenfci.com\/index.php?rest_route=\/wp\/v2\/pages"}],"about":[{"href":"https:\/\/lenfci.com\/index.php?rest_route=\/wp\/v2\/types\/page"}],"author":[{"embeddable":true,"href":"https:\/\/lenfci.com\/index.php?rest_route=\/wp\/v2\/users\/1"}],"replies":[{"embeddable":true,"href":"https:\/\/lenfci.com\/index.php?rest_route=%2Fwp%2Fv2%2Fcomments&post=70"}],"version-history":[{"count":8,"href":"https:\/\/lenfci.com\/index.php?rest_route=\/wp\/v2\/pages\/70\/revisions"}],"predecessor-version":[{"id":856,"href":"https:\/\/lenfci.com\/index.php?rest_route=\/wp\/v2\/pages\/70\/revisions\/856"}],"wp:attachment":[{"href":"https:\/\/lenfci.com\/index.php?rest_route=%2Fwp%2Fv2%2Fmedia&parent=70"}],"curies":[{"name":"wp","href":"https:\/\/api.w.org\/{rel}","templated":true}]}}