{"id":73,"date":"2024-01-04T21:23:54","date_gmt":"2024-01-04T20:23:54","guid":{"rendered":"https:\/\/lenfci.com\/?page_id=73"},"modified":"2025-03-16T14:00:50","modified_gmt":"2025-03-16T13:00:50","slug":"transport-et-logistique","status":"publish","type":"page","link":"https:\/\/lenfci.com\/?page_id=73","title":{"rendered":"TRANSPORT ET LOGISTIQUE"},"content":{"rendered":"\n<p>***Transport de marchandises<\/p>\n\n\n\n<p>***transports de mat\u00e9riels de mine et de construction<\/p>\n\n\n\n<p>***transport d&rsquo;\u00e9quipements lourds et l\u00e9gers(porte chars, foreuses, dumper, chargeuses, pelleteuses, bulldozers, compresseurs, camions<\/p>\n\n\n\n<p><strong>\u00e9quipements l\u00e9gers<\/strong><\/p>\n\n\n\n<p>vehicules,moteurs<\/p>\n\n\n\n<p>***transport de marchandises diverses<\/p>\n\n\n\n<p>Transport \u00e0 Abidjan et \u00e0 l&rsquo;int\u00e9rieur du pays<\/p>\n\n\n\n<p><\/p>\n","protected":false},"excerpt":{"rendered":"<p>***Transport de marchandises ***transports de mat\u00e9riels de mine et de construction ***transport d&rsquo;\u00e9quipements lourds et l\u00e9gers(porte chars, foreuses, dumper, chargeuses, pelleteuses, bulldozers, compresseurs, camions \u00e9quipements l\u00e9gers vehicules,moteurs ***transport de marchandises diverses Transport \u00e0 Abidjan et \u00e0 l&rsquo;int\u00e9rieur du pays<\/p>\n","protected":false},"author":1,"featured_media":0,"parent":0,"menu_order":0,"comment_status":"closed","ping_status":"closed","template":"","meta":{"_kad_post_transparent":"","_kad_post_title":"","_kad_post_layout":"","_kad_post_sidebar_id":"","_kad_post_content_style":"","_kad_post_vertical_padding":"","_kad_post_feature":"","_kad_post_feature_position":"","_kad_post_header":false,"_kad_post_footer":false,"footnotes":""},"class_list":["post-73","page","type-page","status-publish","hentry"],"_links":{"self":[{"href":"https:\/\/lenfci.com\/index.php?rest_route=\/wp\/v2\/pages\/73","targetHints":{"allow":["GET"]}}],"collection":[{"href":"https:\/\/lenfci.com\/index.php?rest_route=\/wp\/v2\/pages"}],"about":[{"href":"https:\/\/lenfci.com\/index.php?rest_route=\/wp\/v2\/types\/page"}],"author":[{"embeddable":true,"href":"https:\/\/lenfci.com\/index.php?rest_route=\/wp\/v2\/users\/1"}],"replies":[{"embeddable":true,"href":"https:\/\/lenfci.com\/index.php?rest_route=%2Fwp%2Fv2%2Fcomments&post=73"}],"version-history":[{"count":3,"href":"https:\/\/lenfci.com\/index.php?rest_route=\/wp\/v2\/pages\/73\/revisions"}],"predecessor-version":[{"id":826,"href":"https:\/\/lenfci.com\/index.php?rest_route=\/wp\/v2\/pages\/73\/revisions\/826"}],"wp:attachment":[{"href":"https:\/\/lenfci.com\/index.php?rest_route=%2Fwp%2Fv2%2Fmedia&parent=73"}],"curies":[{"name":"wp","href":"https:\/\/api.w.org\/{rel}","templated":true}]}}